{"id":633,"date":"2019-11-05T09:41:18","date_gmt":"2019-11-05T09:41:18","guid":{"rendered":"http:\/\/de.areas.com\/?page_id=633"},"modified":"2023-05-16T09:28:25","modified_gmt":"2023-05-16T09:28:25","slug":"cookies","status":"publish","type":"page","link":"https:\/\/de.areas.com\/de\/cookies\/","title":{"rendered":"Cookies"},"content":{"rendered":"<div class=\"col-12 col-md-8 mx-auto\">\n<p><b>Was ist ein Cookie?<\/b><\/p>\n<p><span style=\"font-weight: 400\">Cookies sind kleine Dateneinheiten, die im Browser, der vom Nutzer (im Folgenden der oder die \u201eNutzer\u201c) verwendet wird, gespeichert werden und es dem Server erm\u00f6glichen, bestimmte Informationen bei erneuten Besuchen der Webseite zu sammeln. Diese Informationen k\u00f6nnen sp\u00e4ter jedoch nur vom Server, der f\u00fcr die Installation des betreffenden Cookies verantwortlich war, ausgelesen werden. Gew\u00f6hnlich bleiben Cookies nur f\u00fcr eine beschr\u00e4nkte Dauer aktiv.\u00a0\u00a0<\/span><\/p>\n<p><span style=\"font-weight: 400\">Die auf der Webseite <\/span><a href=\"de.areas.com\/\"><span style=\"font-weight: 400\">de.areas.com\/<\/span><\/a><span style=\"font-weight: 400\">de\/<\/span><span style=\"font-weight: 400\"> (im Folgenden \u201edie Webseite\u201c) zum Einsatz kommenden Cookies erlauben es dem Betreiber derselben, bestimmte Daten zu erfassen und zu speichern, wie etwa Informationen \u00fcber die Surfgewohnheiten der Nutzer, die auf die Webseite zugreifen und \u00fcber die von diesen benutzten Ger\u00e4te. Abh\u00e4ngig von den in den jeweiligen Cookies gespeicherten Daten und dem f\u00fcr den Besuch der Webseite benutzten Ger\u00e4t k\u00f6nnen die mit dem Cookie eingeholten Informationen verwendet werden, um einen bestimmten Nutzer bei einem erneuten Besuch der Webseite wiederzuerkennen.\u00a0\u00a0\u00a0<\/span><\/p>\n<p><b>Welche Cookies werden von uns eingesetzt?<\/b><\/p>\n<p><span style=\"font-weight: 400\">Auf unserer Webseite kommen <\/span><b>eigene und Third-Party-Cookies <\/b><span style=\"font-weight: 400\">zum Einsatz kommen.<\/span><\/p>\n<ul>\n<li style=\"font-weight: 400\"><span style=\"font-weight: 400\">Auf dieser Webseite werden die folgenden Cookies benutzt:\u00a0\u00a0\u00a0<\/span><\/li>\n<\/ul>\n<p>&nbsp;<\/p>\n<ul>\n<li style=\"font-weight: 400\"><b>Technische Cookies <\/b><span style=\"font-weight: 400\">(immer aktiviert): Diese Cookies erm\u00f6glichen dem Nutzer eine reibungslose Webseiten-Navigation und die Nutzung verschiedener Optionen und Funktionen, die auf der Webseite zur Verf\u00fcgung stehen, wie etwa die Identifikation der Sitzung und die Nutzung zugriffsbeschr\u00e4nkter Bereiche. Dem Webseitenbetreiber erm\u00f6glichen sie unter anderem die Analyse des Webseitenverkehrs und der Daten\u00fcbertragung.\u00a0\u00a0\u00a0<\/span><\/li>\n<\/ul>\n<p>&nbsp;<\/p>\n<ul>\n<li style=\"font-weight: 400\"><b>Personalisierungscookies und Werbecookies<\/b><span style=\"font-weight: 400\">:\u00a0 Diese Cookies erlauben es dem Nutzer, unter Beibehaltung verschiedener, vorbestimmter Eigenschaften und Einstellungen Zugriff auf den Webseitenservice auszu\u00fcben, wie etwa die Einstellung der Sprache, des Browsertyps, \u00fcber den Zugriff auf die Webseite ausge\u00fcbt wird, die Einstellung des Ortes, von dem aus Zugriff ausge\u00fcbt wird, usw. Diese Cookies werden dar\u00fcber hinaus verwendet, um die Werbeanzeigen an die Interessen und Vorlieben des jeweiligen Nutzers anzupassen. Der Nutzer muss dem Einsatz des Cookies ausdr\u00fccklich zustimmen.\u00a0<\/span><\/li>\n<\/ul>\n<p>&nbsp;<\/p>\n<ul>\n<li style=\"font-weight: 400\"><b>Analyse-Cookies<\/b><span style=\"font-weight: 400\">: Diese Cookies erm\u00f6glichen die Nachverfolgung und Analyse des Verhaltens der Nutzer. Die \u00fcber diese Art von Cookies eingeholten Informationen werden zur Messung der Webseitenaktivit\u00e4t und zur Erstellung eines Surfprofils der Nutzer herangezogen. Die auf diese Weise gewonnene Informationen dienen vor allem dazu, Verbesserungen an der Webseite und am Betrieb derselben vorzunehmen. Der Nutzer muss dem Einsatz des Cookies ausdr\u00fccklich zustimmen.<\/span><\/li>\n<\/ul>\n<p>&nbsp;<\/p>\n<p><b>Wer nutzt die \u00fcber die Cookies erfassten Daten?<\/b><\/p>\n<p><span style=\"font-weight: 400\">Die \u00fcber die Cookies dieser Webseite erfassten Daten werden von \u00c1REAS, S.A.U., mit Gesellschaftssitz in Av. Diagonal 579-587, 08014 Barcelona und der E-Mail-Adresse <\/span><a href=\"mailto:gdpr-contact@areas.com\"><span style=\"font-weight: 400\">gdpr-contact@areas.com<\/span><\/a><span style=\"font-weight: 400\"> gespeichert und verarbeitet, um den korrekten Betrieb der Webseite gew\u00e4hrleisten zu k\u00f6nnen.\u00a0\u00a0<\/span><\/p>\n<p><b>Wie k\u00f6nnen die Cookies deaktiviert werden?<\/b><\/p>\n<p><span style=\"font-weight: 400\">Der Nutzer kann die Cookies deaktivieren oder l\u00f6schen, indem er die entsprechenden Einstellungen in seinem Browser vornimmt- Allerdings k\u00f6nnte es beim Deaktivieren der Cookies zu Problemen beim Laden und bei der Nutzung der Webseite kommen.\u00a0\u00a0<\/span><\/p>\n<p><span style=\"font-weight: 400\">Die Einstellungen zur Deaktivierung sind je nach verwendetem Browser in unterschiedlicher Weise durchzuf\u00fchren. Nachfolgend finden Sie Links zu den Webseiten der wichtigsten Browseranbieter, auf denen Sie die entsprechenden Anleitungen zum L\u00f6schen der Cookies abrufen k\u00f6nnen:\u00a0\u00a0\u00a0<\/span><\/p>\n<ul>\n<li style=\"font-weight: 400\"><span style=\"font-weight: 400\">Internet Explorer: <\/span><a href=\"http:\/\/windows.microsoft.com\/es-ES\/internet-explorer\/delete-manage-cookies#ie=ie-11-win-7\"><span style=\"font-weight: 400\">http:\/\/windows.microsoft.com\/es-ES\/internet-explorer\/delete-manage-cookies#ie=ie-11-win-7<\/span><\/a><\/li>\n<li style=\"font-weight: 400\"><span style=\"font-weight: 400\">Firefox: <\/span><a href=\"https:\/\/support.mozilla.org\/es\/kb\/Borrar%20cookies\"><span style=\"font-weight: 400\">https:\/\/support.mozilla.org\/es\/kb\/Borrar%20cookies<\/span><\/a><\/li>\n<li style=\"font-weight: 400\"><span style=\"font-weight: 400\">Chrome: <\/span><a href=\"https:\/\/support.google.com\/chrome\/answer\/95647\"><span style=\"font-weight: 400\">https:\/\/support.google.com\/chrome\/answer\/95647<\/span><\/a><\/li>\n<\/ul>\n<p>&nbsp;<\/p>\n<p><b>\u00c4nderungen der Cookie-Bestimmungen<\/b><\/p>\n<p><span style=\"font-weight: 400\">\u00c1REAS kann diese Cookie-Bestimmungen jederzeit ab\u00e4ndern, wenn dies aus gesetzlichen Gr\u00fcnden, zur Erf\u00fcllung neuer Regelungen und\/oder zur Anpassung dieser Bestimmungen an neue beh\u00f6rdliche Anweisungen im Zusammenhang mit dem Datenschutz notwendig sein sollte. Sollten wesentliche Ab\u00e4nderungen an diesen Bestimmungen vorgenommen werden, so werden die Nutzer \u00fcber einen entsprechenden Hinweis auf der Webseite davon in Kenntnis gesetzt. Zur Kl\u00e4rung von Zweifeln und f\u00fcr Anfragen k\u00f6nnen Sie sich jederzeit \u00fcber eine Nachricht an unsere E-Mail-Adresse <\/span><a href=\"mailto:gdpr-contact@areas.com\"><span style=\"font-weight: 400\">gdpr-contact@areas.com<\/span><\/a><span style=\"font-weight: 400\"> mit uns in Verbindung setzen. <\/span><\/p>\n<\/div>\n<p>&nbsp;<\/p>\n<p>&nbsp;<\/p>\n","protected":false},"excerpt":{"rendered":"<p>Was ist ein Cookie? Cookies sind kleine Dateneinheiten, die im Browser, der vom Nutzer (im Folgenden der oder die \u201eNutzer\u201c) verwendet wird, gespeichert werden und es dem Server erm\u00f6glichen, be","protected":false},"author":2,"featured_media":0,"parent":0,"menu_order":0,"comment_status":"closed","ping_status":"closed","template":"temaplates\/page-full-width.php","meta":[],"acf":[],"yoast_head":"<!-- This site is optimized with the Yoast SEO plugin v17.6 - https:\/\/yoast.com\/wordpress\/plugins\/seo\/ -->\n<title>Cookies - Areas | Germany<\/title>\n<meta name=\"robots\" content=\"index, follow, max-snippet:-1, max-image-preview:large, max-video-preview:-1\" \/>\n<link rel=\"canonical\" href=\"https:\/\/de.areas.com\/de\/cookies\/\" \/>\n<meta property=\"og:locale\" content=\"de_DE\" \/>\n<meta property=\"og:type\" content=\"article\" \/>\n<meta property=\"og:title\" content=\"Cookies - Areas | Germany\" \/>\n<meta property=\"og:description\" content=\"Was ist ein Cookie? Cookies sind kleine Dateneinheiten, die im Browser, der vom Nutzer (im Folgenden der oder die \u201eNutzer\u201c) verwendet wird, gespeichert werden und es dem Server erm\u00f6glichen, bestimmte Informationen bei erneuten Besuchen der Webseite zu sammeln. Diese Informationen k\u00f6nnen sp\u00e4ter jedoch nur vom Server, der f\u00fcr die Installation des betreffenden Cookies verantwortlich war,[...]\" \/>\n<meta property=\"og:url\" content=\"https:\/\/de.areas.com\/de\/cookies\/\" \/>\n<meta property=\"og:site_name\" content=\"Areas | Germany\" \/>\n<meta property=\"article:modified_time\" content=\"2023-05-16T09:28:25+00:00\" \/>\n<meta name=\"twitter:card\" content=\"summary_large_image\" \/>\n<meta name=\"twitter:label1\" content=\"Est. reading time\" \/>\n\t<meta name=\"twitter:data1\" content=\"3 Minuten\" \/>\n<script type=\"application\/ld+json\" class=\"yoast-schema-graph\">{\"@context\":\"https:\/\/schema.org\",\"@graph\":[{\"@type\":\"WebSite\",\"@id\":\"https:\/\/de.areas.com\/de\/#website\",\"url\":\"https:\/\/de.areas.com\/de\/\",\"name\":\"Areas | Germany\",\"description\":\"\",\"potentialAction\":[{\"@type\":\"SearchAction\",\"target\":{\"@type\":\"EntryPoint\",\"urlTemplate\":\"https:\/\/de.areas.com\/de\/?s={search_term_string}\"},\"query-input\":\"required name=search_term_string\"}],\"inLanguage\":\"de-DE\"},{\"@type\":\"WebPage\",\"@id\":\"https:\/\/de.areas.com\/de\/cookies\/#webpage\",\"url\":\"https:\/\/de.areas.com\/de\/cookies\/\",\"name\":\"Cookies - Areas | Germany\",\"isPartOf\":{\"@id\":\"https:\/\/de.areas.com\/de\/#website\"},\"datePublished\":\"2019-11-05T09:41:18+00:00\",\"dateModified\":\"2023-05-16T09:28:25+00:00\",\"breadcrumb\":{\"@id\":\"https:\/\/de.areas.com\/de\/cookies\/#breadcrumb\"},\"inLanguage\":\"de-DE\",\"potentialAction\":[{\"@type\":\"ReadAction\",\"target\":[\"https:\/\/de.areas.com\/de\/cookies\/\"]}]},{\"@type\":\"BreadcrumbList\",\"@id\":\"https:\/\/de.areas.com\/de\/cookies\/#breadcrumb\",\"itemListElement\":[{\"@type\":\"ListItem\",\"position\":1,\"name\":\"Home\",\"item\":\"https:\/\/de.areas.com\/de\/\"},{\"@type\":\"ListItem\",\"position\":2,\"name\":\"Cookies\"}]}]}<\/script>\n<!-- \/ Yoast SEO plugin. -->","yoast_head_json":{"title":"Cookies - Areas | Germany","robots":{"index":"index","follow":"follow","max-snippet":"max-snippet:-1","max-image-preview":"max-image-preview:large","max-video-preview":"max-video-preview:-1"},"canonical":"https:\/\/de.areas.com\/de\/cookies\/","og_locale":"de_DE","og_type":"article","og_title":"Cookies - Areas | Germany","og_description":"Was ist ein Cookie? Cookies sind kleine Dateneinheiten, die im Browser, der vom Nutzer (im Folgenden der oder die \u201eNutzer\u201c) verwendet wird, gespeichert werden und es dem Server erm\u00f6glichen, bestimmte Informationen bei erneuten Besuchen der Webseite zu sammeln. Diese Informationen k\u00f6nnen sp\u00e4ter jedoch nur vom Server, der f\u00fcr die Installation des betreffenden Cookies verantwortlich war,[...]","og_url":"https:\/\/de.areas.com\/de\/cookies\/","og_site_name":"Areas | Germany","article_modified_time":"2023-05-16T09:28:25+00:00","twitter_card":"summary_large_image","twitter_misc":{"Est. reading time":"3 Minuten"},"schema":{"@context":"https:\/\/schema.org","@graph":[{"@type":"WebSite","@id":"https:\/\/de.areas.com\/de\/#website","url":"https:\/\/de.areas.com\/de\/","name":"Areas | Germany","description":"","potentialAction":[{"@type":"SearchAction","target":{"@type":"EntryPoint","urlTemplate":"https:\/\/de.areas.com\/de\/?s={search_term_string}"},"query-input":"required name=search_term_string"}],"inLanguage":"de-DE"},{"@type":"WebPage","@id":"https:\/\/de.areas.com\/de\/cookies\/#webpage","url":"https:\/\/de.areas.com\/de\/cookies\/","name":"Cookies - Areas | Germany","isPartOf":{"@id":"https:\/\/de.areas.com\/de\/#website"},"datePublished":"2019-11-05T09:41:18+00:00","dateModified":"2023-05-16T09:28:25+00:00","breadcrumb":{"@id":"https:\/\/de.areas.com\/de\/cookies\/#breadcrumb"},"inLanguage":"de-DE","potentialAction":[{"@type":"ReadAction","target":["https:\/\/de.areas.com\/de\/cookies\/"]}]},{"@type":"BreadcrumbList","@id":"https:\/\/de.areas.com\/de\/cookies\/#breadcrumb","itemListElement":[{"@type":"ListItem","position":1,"name":"Home","item":"https:\/\/de.areas.com\/de\/"},{"@type":"ListItem","position":2,"name":"Cookies"}]}]}},"_links":{"self":[{"href":"https:\/\/de.areas.com\/de\/wp-json\/wp\/v2\/pages\/633"}],"collection":[{"href":"https:\/\/de.areas.com\/de\/wp-json\/wp\/v2\/pages"}],"about":[{"href":"https:\/\/de.areas.com\/de\/wp-json\/wp\/v2\/types\/page"}],"author":[{"embeddable":true,"href":"https:\/\/de.areas.com\/de\/wp-json\/wp\/v2\/users\/2"}],"replies":[{"embeddable":true,"href":"https:\/\/de.areas.com\/de\/wp-json\/wp\/v2\/comments?post=633"}],"version-history":[{"count":5,"href":"https:\/\/de.areas.com\/de\/wp-json\/wp\/v2\/pages\/633\/revisions"}],"predecessor-version":[{"id":1229,"href":"https:\/\/de.areas.com\/de\/wp-json\/wp\/v2\/pages\/633\/revisions\/1229"}],"wp:attachment":[{"href":"https:\/\/de.areas.com\/de\/wp-json\/wp\/v2\/media?parent=633"}],"curies":[{"name":"wp","href":"https:\/\/api.w.org\/{rel}","templated":true}]}}