{"id":1300,"date":"2023-06-13T10:25:25","date_gmt":"2023-06-13T10:25:25","guid":{"rendered":"https:\/\/de.areas.com\/?page_id=1300"},"modified":"2023-06-13T10:25:25","modified_gmt":"2023-06-13T10:25:25","slug":"datenschutzerklaerung","status":"publish","type":"page","link":"https:\/\/de.areas.com\/de\/datenschutzerklaerung\/","title":{"rendered":"Datenschutzerkl\u00e4rung"},"content":{"rendered":"<div class=\"container\">\n<div class=\"divider-80\"><\/div>\n<div class=\"text-center\">\n<h1>DATENSCHUTZERKL\u00c4RUNG<\/h1>\n<p>&nbsp;<\/p>\n<\/div>\n<p><strong>Datenschutzerkl\u00e4rung<\/strong><\/p>\n<p>&#8222;Wir nehmen den Schutz Ihrer personenbezogenen Daten ernst.<\/p>\n<p>Der Schutz Ihrer Privatsph\u00e4re bei der Verarbeitung personenbezogener Daten ist f\u00fcr uns ein wichtiges Anliegen. Wenn Sie unsere Webseite besuchen, speichern unsere Webserver standardm\u00e4\u00dfig die IP-Adresse Ihres Internet Service Providers, die Webseite, von der aus Sie uns besuchen, die Webseiten, die Sie bei uns besuchen sowie das Datum und die Dauer des Besuches. Diese Informationen sind f\u00fcr die technische \u00dcbertragung der Webseiten und den sicheren Serverbetrieb zwingend erforderlich. Eine personalisierte Auswertung dieser Daten erfolgt nicht.<\/p>\n<p>Sofern Sie uns Daten per Kontakt-Formular senden, werden diese Daten im Zuge der Datensicherung auf unseren Servern gespeichert. Ihre Daten werden von uns ausschlie\u00dflich zur Bearbeitung Ihres Anliegens verwendet. <\/p>\n<p>Verantwortliche Stelle:<\/p>\n<p>\u00c1reas Deutschland Holding GmbH<br \/>\nCarlswerkstrasse 11-13, B\u00fcro 13G<br \/>\n51063 K\u00f6ln<\/p>\n<p>Tel.:  0221 \/ 6507 2800<br \/>\nFax.: 0221 \/ 6507 2801<\/p>\n<p>Datenschutzbeauftragter: <\/p>\n<p>Herr Christian Volkmer<\/p>\n<p> Projekt 29 GmbH &#038; Co. KG<\/p>\n<p> Ostengasse 14<\/p>\n<p> 93047 Regensburg<\/p>\n<p>Tel.:  0941 2986930<\/p>\n<p> Fax:  0941 29869316<\/p>\n<p> E-Mail: <a href=\"mailto:anfragen@projekt29.de\">gdpr-contact@areas.com<\/a>.<\/p>\n<p><strong>Personenbezogene Daten<\/strong><\/p>\n<p>Personenbezogene Daten sind alle Daten \u00fcber Ihre Person. Diese beinhalten z.B. Ihren Namen, Ihre Adresse und Ihre E-Mail Adresse.. Die Dateneingabe auf unserer Webseite ist grunds\u00e4tzlich freiwillig. In einigen F\u00e4llen ben\u00f6tigen wir allerdings Ihren Namen und Adresse sowie weitere Informationen um Ihnen die gew\u00fcnschte Dienstleistung anbieten zu k\u00f6nnen.Personenbezogene Daten sind alle Daten \u00fcber Ihre Person. Diese beinhalten z.B. Ihren Namen, Ihre Adresse und Ihre E-Mail Adresse.. Die Dateneingabe auf unserer Webseite ist grunds\u00e4tzlich freiwillig. In einigen F\u00e4llen ben\u00f6tigen wir allerdings Ihren Namen und Adresse sowie weitere Informationen um Ihnen die gew\u00fcnschte Dienstleistung anbieten zu k\u00f6nnen.<\/p>\n<p><strong>Automatisch gespeicherte Daten<\/strong><\/p>\n<p>&#8222;Wenn Sie unsere Internetseiten besuchen, speichern wir aus administrativen und technischen Gr\u00fcnden bestimmte Informationen. Diese sind: Typ und Version des von Ihnen verwendeten Browsers, Datum und Uhrzeit des Zugriffs, sowie Ihre IPAdresse.<\/p>\n<p>Diese Daten werden anonymisiert und lediglich f\u00fcr statistische Zwecke bzw. daf\u00fcr verwendet, unsere Internet- und Onlinedienste zu verbessern.<\/p>\n<p>Diese anonymisierten Daten werden \u2013 getrennt von personenbezogenen Daten \u2013 auf sicheren Systemen gespeichert und k\u00f6nnen keinen individuellen Personen zugeordnet werden. Das bedeutet, dass Ihre personenbezogenen Daten jederzeit gesch\u00fctzt bleiben.&#8220;<\/p>\n<p><strong>Datenverarbeitung bei der Kontaktaufnahme<\/strong>\u00a0<\/p>\n<p>\u00dcber das Kontaktformular auf unserer Webseite k\u00f6nnen Sie Anfragen an uns stellen. Hierbei erheben wir Ihren Nachnamen, Ihre E-Mail-Adresse, Ihre Postleitzahl, Ihr Land sowie das von Ihnen mitgeteilte Anliegen. Zus\u00e4tzlich k\u00f6nnen Sie freiwillig Ihren Vornamen, Ihr Unternehmen und Ihre Telefonnummer mitteilen.Die von Ihnen zum Zwecke der Kontaktaufnahme mitgeteilten Daten werden von uns gespeichert, um eine Kommunikation mit Ihnen zu erm\u00f6glichen (Rechtsgrundlage ist Art. 6 (1) f) DSGVO).Wir l\u00f6schen die im Zusammenhang mit einer Kontaktaufnahme anfallenden Daten, nachdem die Speicherung nicht mehr erforderlich ist. Soweit wir nicht anderweitig zur Speicherung berechtigt oder verpflichtet ist, ist dies insbesondere dann der Fall, wenn die jeweilige Konversation mit Ihnen beendet ist, etwa wenn der zugrundeliegende Sachverhalt abschlie\u00dfend gekl\u00e4rt ist.\u00dcber das Kontaktformular auf unserer Webseite k\u00f6nnen Sie Anfragen an uns stellen. Hierbei erheben wir Ihren Nachnamen, Ihre E-Mail-Adresse, Ihre Postleitzahl, Ihr Land sowie das von Ihnen mitgeteilte Anliegen. Zus\u00e4tzlich k\u00f6nnen Sie freiwillig Ihren Vornamen, Ihr Unternehmen und Ihre Telefonnummer mitteilen.Die von Ihnen zum Zwecke der Kontaktaufnahme mitgeteilten Daten werden von uns gespeichert, um eine Kommunikation mit Ihnen zu erm\u00f6glichen (Rechtsgrundlage ist Art. 6 (1) f) DSGVO).Wir l\u00f6schen die im Zusammenhang mit einer Kontaktaufnahme anfallenden Daten, nachdem die Speicherung nicht mehr erforderlich ist. Soweit wir nicht anderweitig zur Speicherung berechtigt oder verpflichtet ist, ist dies insbesondere dann der Fall, wenn die jeweilige Konversation mit Ihnen beendet ist, etwa wenn der zugrundeliegende Sachverhalt abschlie\u00dfend gekl\u00e4rt ist.<\/p>\n<p>Datenverarbeitung von Bewerbern\u00a0<\/p>\n<p>M\u00f6chten Sie sich \u00fcber unser Kontaktformular f\u00fcr eine Stelle bei uns bewerben, erheben wir Ihren Vor- und Nachnamen, Ihre E-Mail-Adresse, Ihre Telefonnummer, Ihr Land sowie die Position und den Arbeitsort, auf die sie sich bewerben. Ihre Daten verarbeiten wir f\u00fcr die Durchf\u00fchrung des Bewerbungsverfahrens (Rechtsgrundlage ist Art. 6 (1) b) DSGVO).\u00a0 Kommt ein Besch\u00e4ftigungsverh\u00e4ltnis mit Ihnen nicht zu Stande, l\u00f6schen wir Ihre Daten 6 Monate nach Erhebung. <\/p>\n<p><strong>Cookies<\/strong><\/p>\n<p>&#8222;Wenn Sie unsere Internetseiten besuchen speichern wir m\u00f6glicherweise Informationen auf Ihrem Computer in Form von Cookies. N\u00e4here Informationen finden Sie in unserer Cookie Richtlinie unter https:\/\/de.areas.com\/de\/cookies\/ . Cookies sind kleine Dateien die von einem Internetserver an Ihren Browser \u00fcbertragen und auf dessen Festplatte gespeichert werden. Die Rechtsgrundlage f\u00fcr die Verwendung von Cookies stellt dabei Art. 6 (1) lit .f) DSGVO dar.<\/p>\n<p>Lediglich die Internet Protokoll Adresse wird hierbei gespeichert \u2013  dar\u00fcber hinaus keine sonstigen personenbezogenen Daten. Diese in dem Cookie gespeicherten Daten erlauben es, Sie bei dem n\u00e4chsten Besuch auf unserer Internetseite automatisch wiederzuerkennen, wodurch Ihnen die Nutzung unserer Webseite erleichtert wird.<\/p>\n<p>Nat\u00fcrlich k\u00f6nnen Sie unsere Internetseiten auch besuchen ohne Cookies zu akzeptieren. Wenn Sie nicht m\u00f6chten, dass Ihr Computer beim n\u00e4chsten Besuch wiedererkannt wird, k\u00f6nnen Sie die Verwendung von Cookies auch ablehnen indem Sie die Einstellungen in Ihrem Browser auf \u201eCookies ablehnen\u201c \u00e4ndern. Die jeweilige Vorgehensweise finden Sie in der Einstellungen Ihres jeweiligen Browsers. Wenn Sie die Verwendung von Cookies ablehnen, kann es jedoch zu Einschr\u00e4nkungen in der Nutzung mancher Bereiche unserer Internetseiten kommen.&#8220;<\/p>\n<p><strong>Google-Analytics mit Anonymisierungsfunktion<\/strong><\/p>\n<p>&#8220; Wir setzen auf unserer Seite Google-Analytics, einen Webanalysedienst der Firma Google Inc., 1600 Amphitheatre Parkway, Mountain View, CA 94043 USA, nachfolgend \u201eGoogle\u201c ein. Google-Analytics verwendet sog. \u201eCookies\u201c, Textdateien, die auf Ihrem Computer gespeichert werden und hierdurch eine Analyse der Benutzung der Website durch Sie erm\u00f6glichen.<\/p>\n<p> Die durch diese Cookies erzeugten Informationen, beispielsweise Zeit, Ort und H\u00e4ufigkeit Ihres Webseiten-Besuchs einschlie\u00dflich Ihrer IP-Adresse, werden an Google in den USA \u00fcbertragen und dort gespeichert.<\/p>\n<p> Wir verwenden auf unserer Website Google-Analytics mit dem Zusatz \u201e_gat._anonymizeIp\u201c. Ihre IP-Adresse wird in diesem Fall von Google schon innerhalb von Mitgliedstaaten der Europ\u00e4ischen Union oder in anderen Vertragsstaaten des Abkommens \u00fcber den Europ\u00e4ischen Wirtschaftsraum gek\u00fcrzt und dadurch anonymisiert.<\/p>\n<p> Google wird diese Informationen benutzen, um Ihre Nutzung unserer Seite auszuwerten, um Reports \u00fcber die Websiteaktivit\u00e4ten f\u00fcr uns zusammenzustellen und um weitere mit der Websitenutzung und der Internetnutzung verbundene Dienstleistungen zu erbringen. Auch wird Google diese Informationen gegebenenfalls an Dritte \u00fcbertragen, sofern dies gesetzlich vorgeschrieben oder soweit Dritte diese Daten im Auftrag von Google verarbeiten.<\/p>\n<p> Google wird, nach eigenen Angaben, in keinem Fall Ihre IP-Adresse mit anderen Daten von Google in Verbindung bringen. Sie k\u00f6nnen die Installation der Cookies durch eine entsprechende Einstellung Ihrer Browser-Software verhindern; wir weisen Sie jedoch darauf hin, dass Sie in diesem Fall gegebenenfalls nicht s\u00e4mtliche Funktionen unserer Website vollumf\u00e4nglich nutzen k\u00f6nnen.<\/p>\n<p> Des Weiteren bietet Google f\u00fcr die g\u00e4ngigsten Browser ein Deaktivierungs-Add-on an, welches Ihnen mehr Kontrolle dar\u00fcber gibt, welche Daten von Google zu der von Ihnen aufgerufenen Websites erfasst werden. Das Add-on teilt dem JavaScript (ga.js) von Google Analytics mit, dass keine Informationen zum Website-Besuch an Google Analytics \u00fcbermittelt werden sollen. Das Deaktivierungs-Add-on f\u00fcr Browser von Google Analytics verhindert aber nicht, dass Informationen an uns oder an andere von uns gegebenenfalls eingesetzte Webanalyse-Services \u00fcbermittelt werden. Weitere Informationen zur Installation des Browser Add-on erhalten Sie \u00fcber nachfolgenden Link: https:\/\/tools.google.com\/dlpage\/gaoptout?hl=de <\/p>\n<p>Wenn Sie unsere Seite \u00fcber ein mobiles Endger\u00e4t (Smartphone oder Tablet) besuchen, m\u00fcssen Sie stattdessen diesen Link klicken, um das Tracking durch Google Analytics innerhalb dieser Website zuk\u00fcnftig zu unterbinden. Dies ist auch als Alternative zu obigem Browser-Add-On m\u00f6glich. Durch Klicken des Links wird ein Opt-Out-Cookie in Ihrem Browser gesetzt, das nur f\u00fcr diesen Browser und diese Domain g\u00fcltig ist. Wenn Sie die Cookies in diesem Browser l\u00f6schen, wird auch das Opt-Out-Cookie gel\u00f6scht, so dass Sie den Link erneut klicken m\u00fcssen.<\/p>\n<p>Sofern Sie zugestimmt haben, dass Ihr Web- und App-Browserverlauf von Google mit Ihrem Google-Konto verkn\u00fcpft wird und Informationen aus ihrem Google-Konto zum Personalisieren von Anzeigen verwendet werden, verwendet Google Ihre Daten zusammen mit Google Analytics-Daten, um Zielgruppenlisten f\u00fcr ger\u00e4te\u00fcbergreifendes Remarketing zu erstellen. Dazu werden von Google Analytics zun\u00e4chst auf unserer Website Ihre Google-authentifizierte ID erfasst, die mit Ihrem Google-Konto verkn\u00fcpft sind (also personenbezogene Daten). Anschlie\u00dfend wird von Google Analytics Ihre ID vor\u00fcbergehend mit Ihren Google Analytics-Daten verkn\u00fcpft, um unsere Zielgruppen zu optimieren.<\/p>\n<p>Wenn Sie damit nicht einverstanden sind, k\u00f6nnen Sie dies durch entsprechende Einstellungen im Bereich \u201eMein Konto\u201c Ihres Google-Kontos abstellen.&#8220;<\/p>\n<p><strong>Dauer der Datenverarbeitung\u00a0<\/strong><\/p>\n<p>Soweit sich aus den oberen Abschnitten nichts anderes ergibt, speichern wir Ihre Daten grunds\u00e4tzlich nur solange, wie dies zur Bereitstellung der Website und den damit verbundenen Services erforderlich bzw. wir gesetzlich zur Speicherung Ihrer Daten verpflichtet sind.\u00a0Soweit sich aus den oberen Abschnitten nichts anderes ergibt, speichern wir Ihre Daten grunds\u00e4tzlich nur solange, wie dies zur Bereitstellung der Website und den damit verbundenen Services erforderlich bzw. wir gesetzlich zur Speicherung Ihrer Daten verpflichtet sind.\u00a0<\/p>\n<p><strong>Datenweitergabe an Dritte\u00a0<\/strong><\/p>\n<p>Wir k\u00f6nnen Dritte mit der Erbringung bestimmter Dienstleistungen beauftragen, die den Zugang zu und\/oder die Verarbeitung Ihrer personenbezogenen Daten durch diese Dritten als Datenverarbeiter beinhalten k\u00f6nnen. In jedem Fall sind Dritte jedoch verpflichtet, die geltenden Gesetze und unsere Sicherheitsrichtlinien einzuhalten und zu gew\u00e4hrleisten, dass sie die Informationen in \u00dcbereinstimmung mit unseren Anweisungen verwenden und die entsprechenden technischen und organisatorischen Ma\u00dfnahmen ergreifen, um die Sicherheit der Daten zu gew\u00e4hrleisten.<\/p>\n<p><strong>Sicherheit<\/strong><\/p>\n<p>&#8222;Wir haben technische und administrative Sicherheitsvorkehrungen getroffen, um Ihre personenbezogenen Daten gegen Verlust, Zerst\u00f6rung, Manipulation und unautorisierten Zugriff zu sch\u00fctzen. All unsere Mitarbeiter sowie f\u00fcr uns t\u00e4tige Dienstleister sind auf die g\u00fcltigen Datenschutzgesetze verpflichtet.<\/p>\n<p>Wann immer wir personenbezogene Daten sammeln und verarbeiten werden diese personenbezogenen Daten verschl\u00fcsselt bevor sie \u00fcbertragen werden. Das hei\u00dft, dass Ihre Daten nicht von Dritten missbraucht werden k\u00f6nnen. Unsere Sicherheitsvorkehrungen unterliegen dabei einem st\u00e4ndigen Verbesserungsprozess und unsere Datenschutzerkl\u00e4rungen werden st\u00e4ndig \u00fcberarbeitet. Bitte stellen Sie sicher, dass Ihnen die aktuellste Version vorliegt.&#8220;<\/p>\n<p><strong>Betroffenenrechte<\/strong><\/p>\n<p>&#8222;Als von der Datenverarbeitung betroffene Person (Art. 4 Nr. 1 DSGVO) haben Sie uns gegen\u00fcber zahlreiche Rechte, \u00fcber die wir Sie im Folgenden informieren m\u00f6chten. Einzelheiten dazu finden Sie zudem in den Artikeln 15 bis 21 der DSGVO sowie den \u00a7\u00a7 32 bis 37 BDSG. <\/p>\n<p>Um diese Rechte auszu\u00fcben, wenden Sie sich bitte an unseren Datenschutzbeauftragten. Dieser ist erreichbar unter der oben angegebenen Adresse.&#8220;<\/p>\n<p><strong>Auskunftsrecht<\/strong><\/p>\n<p>Sie haben das Recht, von uns Auskunft dar\u00fcber zu erhalten, ob und welche Daten wir \u00fcber Sie verarbeiten. Dies beinhaltet unter anderem auch Angaben dazu, wie lange und zu welchem Zweck wir die Daten verarbeiten, woher diese stammen und an welche Empf\u00e4nger oder Empf\u00e4ngerkategorien wir diese weitergeben. Zudem k\u00f6nnen Sie von uns eine Kopie dieser Daten zur Verf\u00fcgung gestellt bekommen.<\/p>\n<p><strong>Recht auf Berichtigung<\/strong><\/p>\n<p>Sie haben das Recht, dass wir nicht oder nicht mehr zutreffende Angaben \u00fcber Sie unverz\u00fcglich berichtigen. Zudem k\u00f6nnen Sie eine Vervollst\u00e4ndigung Ihrer unvollst\u00e4ndigen personenbezogenen Daten verlangen. Wenn dies gesetzlich vorgeschrieben ist, informieren wir \u00fcber diese Berichtigung auch Dritte, wenn wir Ihre Daten an diese weitergegeben haben.<\/p>\n<p><strong>Recht auf L\u00f6schung (\u201eRecht auf Vergessenwerden\u201c)<\/strong><\/p>\n<p>&#8222;Sie haben das Recht, von uns die unverz\u00fcgliche L\u00f6schung Ihrer personenbezogenen Daten zu verlangen, wenn einer der folgenden Gr\u00fcnde zutrifft: <\/p>\n<p>Ihre Daten sind f\u00fcr die Zwecke, f\u00fcr die sie erhoben oder auf sonstige Weise verarbeitet wurden, nicht mehr notwendig oder der Zweck ist erreicht;<br \/>\nSie widerrufen Ihre Einwilligung und es fehlt an einer anderweitigen Rechtsgrundlage f\u00fcr die Verarbeitung;<br \/>\nSie legen Widerspruch gegen die Verarbeitung ein und es liegen keine vorrangigen berechtigten Gr\u00fcnde f\u00fcr die Verarbeitung vor; bei der Nutzung von personenbezogenen Daten zur Direktwerbung gen\u00fcgt ein alleiniger Widerspruch Ihrerseits gegen die Verarbeitung;<br \/>\nIhre personenbezogenen Daten wurden unrechtm\u00e4\u00dfig verarbeitet;<br \/>\ndie L\u00f6schung Ihrer personenbezogenen Daten ist zur Erf\u00fcllung einer rechtlichen Verpflichtung nach dem Unionsrecht oder dem Recht der Mitgliedstaaten erforderlich, dem wir unterliegen.<br \/>\nBitte beachten Sie, dass Ihr Recht auf L\u00f6schung durch gesetzliche Bestimmungen eingeschr\u00e4nkt sein kann. Dazu geh\u00f6ren insbesondere die Einschr\u00e4nkungen, die in Artikel 17 DSGVO und \u00a7 35 Bundesdatenschutzgesetz (\u201eBDSG\u201c) aufgef\u00fchrt sind. &#8220;<\/p>\n<p><strong>Recht auf Einschr\u00e4nkung der Verarbeitung (Sperrung)<\/strong><\/p>\n<p>&#8222;Sie haben das Recht, von uns eine Einschr\u00e4nkung der Verarbeitung Ihrer personenbezogenen Daten zu verlangen, wenn eine der folgenden Voraussetzungen gegeben ist:<\/p>\n<p>Sie bestreiten die Richtigkeit Ihrer personenbezogenen Daten, und zwar f\u00fcr eine Dauer, die uns erm\u00f6glicht, die Richtigkeit der personenbezogenen Daten zu \u00fcberpr\u00fcfen;<br \/>\ndie Verarbeitung ist unrechtm\u00e4\u00dfig und Sie lehnen die L\u00f6schung der personenbezogenen Daten ab und verlangen stattdessen die Einschr\u00e4nkung der Nutzung Ihrer personenbezogenen Daten;<br \/>\nwir ben\u00f6tigen Ihre personenbezogenen Daten f\u00fcr die Zwecke der Verarbeitung nicht l\u00e4nger, Sie ben\u00f6tigen diese jedoch zur Geltendmachung, Aus\u00fcbung oder Verteidigung von Rechtsanspr\u00fcchen, oder<br \/>\nSie haben Widerspruch gegen die Verarbeitung eingelegt, solange noch nicht feststeht, ob unsere berechtigten Gr\u00fcnde gegen\u00fcber Ihren \u00fcberwiegen.<br \/>\nWenn Sie eine Einschr\u00e4nkung der Verarbeitung nach der vorgenannten Aufz\u00e4hlung erwirkt haben, werden wir Sie unterrichten, bevor die Einschr\u00e4nkung aufgehoben wird.&#8220;<\/p>\n<p><strong>Widerrufsrecht bei Einwilligungen<\/strong><\/p>\n<p>Sie k\u00f6nnen Ihre uns gegen\u00fcber erteilten Einwilligungen jederzeit mit Wirkung f\u00fcr die Zukunft widerrufen. Dieser Widerruf kann in Form einer formlosen Mitteilung an die o.g. Kontaktadressen erfolgen. Dies gilt auch f\u00fcr Einwilligungen, die Sie uns vor Geltung der DSGVO (d. h. vor dem 25. Mai 2018) erteilt haben. Falls Sie Ihre Einwilligung widerrufen, wird davon die Rechtm\u00e4\u00dfigkeit der bis dahin erfolgten Datenverarbeitung nicht ber\u00fchrt.<\/p>\n<p><strong>Recht auf Daten\u00fcbertragbarkeit\u00a0<\/strong><\/p>\n<p>Sie haben das Recht, personenbezogene Daten, die Sie betreffen und die Sie uns bereitgestellt haben, in einem strukturierten, g\u00e4ngigen und maschinenlesbaren Format zu erhalten und diese Daten anderen zu \u00fcbermitteln. Einzelheiten und Einschr\u00e4nkungen k\u00f6nnen Sie Art. 20 DSGVO entnehmen. Die Aus\u00fcbung dieses Rechts l\u00e4sst Ihr Recht auf L\u00f6schung unber\u00fchrt.<\/p>\n<p><strong>Recht auf Beschwerde bei der Aufsichtsbeh\u00f6rde<\/strong><\/p>\n<p>Wenn Sie meinen, dass die Verarbeitung Ihrer Daten durch uns gegen geltendes Datenschutzrecht verst\u00f6\u00dft, haben Sie das Recht auf Beschwerde bei einer der zust\u00e4ndigen Aufsichtsbeh\u00f6rden, d. h. insbesondere der f\u00fcr uns zust\u00e4ndigen Landesbeauftragten f\u00fcr den Datenschutz Nordrhein-Westfalen oder der jeweiligen Aufsichtsbeh\u00f6rde in dem Mitgliedsstaat Ihres Aufenthaltsorts, Ihres Arbeitsplatzes oder des Orts des mutma\u00dflichen Datenschutzversto\u00dfes.<\/p>\n<p><strong>Widerspruchsrecht nach Artikel 21 DSGVO<\/strong><\/p>\n<p>&#8222;Sie haben nach Art. 21 DSGVO insbesondere das Recht, aus Gr\u00fcnden, die sich aus Ihrer besonderen Situation ergeben, jederzeit gegen die Verarbeitung Ihrer Daten Widerspruch einzulegen, wenn wir diese Verarbeitung auf berechtigte Interessen gem\u00e4\u00df Art. 6 Abs. 1 lit. f) DSGVO st\u00fctzen. Legen Sie Widerspruch ein, werden wir Ihre personenbezogenen Daten nicht mehr verarbeiten, au\u00dfer in zwei F\u00e4llen:  \u00c4nderungen dieser Datenschutzerkl\u00e4rung<\/p>\n<p>wir k\u00f6nnen zwingende schutzw\u00fcrdige Gr\u00fcnde f\u00fcr die Verarbeitung nachweisen, die Ihre Interessen, Rechte und Freiheiten \u00fcberwiegen, oder<br \/>\ndie Verarbeitung dient der Geltendmachung, Aus\u00fcbung oder Verteidigung von Rechtsanspr\u00fcchen.<br \/>\nInsbesondere auch, sofern wir Ihre personenbezogenen Daten f\u00fcr Direktwerbung verarbeiten, haben Sie das Recht, jederzeit Widerspruch gegen die Verarbeitung Ihrer Daten zum Zwecke solcher Werbung einzulegen. Widersprechen Sie der Verarbeitung Ihrer Daten f\u00fcr Zwecke der Direktwerbung, werden wir Ihre personenbezogenen Daten daf\u00fcr nicht mehr verwenden.&#8220;<\/p>\n<p><strong>Datenschutzerkl\u00e4rung Areas<\/strong><\/p>\n<p>Wir behalten uns das Recht vor, unsere Datenschutzerkl\u00e4rungen zu \u00e4ndern falls dies aufgrund neuer Technologien notwendig sein sollte. Bitte stellen Sie sicher, dass Ihnen die aktuellste Version vorliegt. Werden an dieser Datenschutzerkl\u00e4rung grundlegende \u00c4nderungen vorgenommen, geben wir diese auf unserer Website bekannt.<\/p>\n","protected":false},"excerpt":{"rendered":"<p>DATENSCHUTZERKL\u00c4RUNG &nbsp; Datenschutzerkl\u00e4rung &#8222;Wir nehmen den Schutz Ihrer personenbezogenen Daten ernst. Der Schutz Ihrer Privatsph\u00e4re bei der Verarbeitung personenbezogener Daten ist ","protected":false},"author":29,"featured_media":0,"parent":0,"menu_order":0,"comment_status":"closed","ping_status":"closed","template":"","meta":[],"acf":[],"yoast_head":"<!-- This site is optimized with the Yoast SEO plugin v17.6 - https:\/\/yoast.com\/wordpress\/plugins\/seo\/ -->\n<title>Datenschutzerkl\u00e4rung - Areas | Germany<\/title>\n<meta name=\"robots\" content=\"index, follow, max-snippet:-1, max-image-preview:large, max-video-preview:-1\" \/>\n<link rel=\"canonical\" href=\"https:\/\/de.areas.com\/de\/datenschutzerklaerung\/\" \/>\n<meta property=\"og:locale\" content=\"de_DE\" \/>\n<meta property=\"og:type\" content=\"article\" \/>\n<meta property=\"og:title\" content=\"Datenschutzerkl\u00e4rung - Areas | Germany\" \/>\n<meta property=\"og:description\" content=\"DATENSCHUTZERKL\u00c4RUNG &nbsp; Datenschutzerkl\u00e4rung &#8222;Wir nehmen den Schutz Ihrer personenbezogenen Daten ernst. Der Schutz Ihrer Privatsph\u00e4re bei der Verarbeitung personenbezogener Daten ist f\u00fcr uns ein wichtiges Anliegen. Wenn Sie unsere Webseite besuchen, speichern unsere Webserver standardm\u00e4\u00dfig die IP-Adresse Ihres Internet Service Providers, die Webseite, von der aus Sie uns besuchen, die Webseiten, die Sie bei uns[...]\" \/>\n<meta property=\"og:url\" content=\"https:\/\/de.areas.com\/de\/datenschutzerklaerung\/\" \/>\n<meta property=\"og:site_name\" content=\"Areas | Germany\" \/>\n<meta name=\"twitter:card\" content=\"summary_large_image\" \/>\n<meta name=\"twitter:label1\" content=\"Est. reading time\" \/>\n\t<meta name=\"twitter:data1\" content=\"13 Minuten\" \/>\n<script type=\"application\/ld+json\" class=\"yoast-schema-graph\">{\"@context\":\"https:\/\/schema.org\",\"@graph\":[{\"@type\":\"WebSite\",\"@id\":\"https:\/\/de.areas.com\/de\/#website\",\"url\":\"https:\/\/de.areas.com\/de\/\",\"name\":\"Areas | Germany\",\"description\":\"\",\"potentialAction\":[{\"@type\":\"SearchAction\",\"target\":{\"@type\":\"EntryPoint\",\"urlTemplate\":\"https:\/\/de.areas.com\/de\/?s={search_term_string}\"},\"query-input\":\"required name=search_term_string\"}],\"inLanguage\":\"de-DE\"},{\"@type\":\"WebPage\",\"@id\":\"https:\/\/de.areas.com\/de\/datenschutzerklaerung\/#webpage\",\"url\":\"https:\/\/de.areas.com\/de\/datenschutzerklaerung\/\",\"name\":\"Datenschutzerkl\\u00e4rung - Areas | Germany\",\"isPartOf\":{\"@id\":\"https:\/\/de.areas.com\/de\/#website\"},\"datePublished\":\"2023-06-13T10:25:25+00:00\",\"dateModified\":\"2023-06-13T10:25:25+00:00\",\"breadcrumb\":{\"@id\":\"https:\/\/de.areas.com\/de\/datenschutzerklaerung\/#breadcrumb\"},\"inLanguage\":\"de-DE\",\"potentialAction\":[{\"@type\":\"ReadAction\",\"target\":[\"https:\/\/de.areas.com\/de\/datenschutzerklaerung\/\"]}]},{\"@type\":\"BreadcrumbList\",\"@id\":\"https:\/\/de.areas.com\/de\/datenschutzerklaerung\/#breadcrumb\",\"itemListElement\":[{\"@type\":\"ListItem\",\"position\":1,\"name\":\"Home\",\"item\":\"https:\/\/de.areas.com\/de\/\"},{\"@type\":\"ListItem\",\"position\":2,\"name\":\"Datenschutzerkl\\u00e4rung\"}]}]}<\/script>\n<!-- \/ Yoast SEO plugin. -->","yoast_head_json":{"title":"Datenschutzerkl\u00e4rung - Areas | Germany","robots":{"index":"index","follow":"follow","max-snippet":"max-snippet:-1","max-image-preview":"max-image-preview:large","max-video-preview":"max-video-preview:-1"},"canonical":"https:\/\/de.areas.com\/de\/datenschutzerklaerung\/","og_locale":"de_DE","og_type":"article","og_title":"Datenschutzerkl\u00e4rung - Areas | Germany","og_description":"DATENSCHUTZERKL\u00c4RUNG &nbsp; Datenschutzerkl\u00e4rung &#8222;Wir nehmen den Schutz Ihrer personenbezogenen Daten ernst. Der Schutz Ihrer Privatsph\u00e4re bei der Verarbeitung personenbezogener Daten ist f\u00fcr uns ein wichtiges Anliegen. Wenn Sie unsere Webseite besuchen, speichern unsere Webserver standardm\u00e4\u00dfig die IP-Adresse Ihres Internet Service Providers, die Webseite, von der aus Sie uns besuchen, die Webseiten, die Sie bei uns[...]","og_url":"https:\/\/de.areas.com\/de\/datenschutzerklaerung\/","og_site_name":"Areas | Germany","twitter_card":"summary_large_image","twitter_misc":{"Est. reading time":"13 Minuten"},"schema":{"@context":"https:\/\/schema.org","@graph":[{"@type":"WebSite","@id":"https:\/\/de.areas.com\/de\/#website","url":"https:\/\/de.areas.com\/de\/","name":"Areas | Germany","description":"","potentialAction":[{"@type":"SearchAction","target":{"@type":"EntryPoint","urlTemplate":"https:\/\/de.areas.com\/de\/?s={search_term_string}"},"query-input":"required name=search_term_string"}],"inLanguage":"de-DE"},{"@type":"WebPage","@id":"https:\/\/de.areas.com\/de\/datenschutzerklaerung\/#webpage","url":"https:\/\/de.areas.com\/de\/datenschutzerklaerung\/","name":"Datenschutzerkl\u00e4rung - Areas | Germany","isPartOf":{"@id":"https:\/\/de.areas.com\/de\/#website"},"datePublished":"2023-06-13T10:25:25+00:00","dateModified":"2023-06-13T10:25:25+00:00","breadcrumb":{"@id":"https:\/\/de.areas.com\/de\/datenschutzerklaerung\/#breadcrumb"},"inLanguage":"de-DE","potentialAction":[{"@type":"ReadAction","target":["https:\/\/de.areas.com\/de\/datenschutzerklaerung\/"]}]},{"@type":"BreadcrumbList","@id":"https:\/\/de.areas.com\/de\/datenschutzerklaerung\/#breadcrumb","itemListElement":[{"@type":"ListItem","position":1,"name":"Home","item":"https:\/\/de.areas.com\/de\/"},{"@type":"ListItem","position":2,"name":"Datenschutzerkl\u00e4rung"}]}]}},"_links":{"self":[{"href":"https:\/\/de.areas.com\/de\/wp-json\/wp\/v2\/pages\/1300"}],"collection":[{"href":"https:\/\/de.areas.com\/de\/wp-json\/wp\/v2\/pages"}],"about":[{"href":"https:\/\/de.areas.com\/de\/wp-json\/wp\/v2\/types\/page"}],"author":[{"embeddable":true,"href":"https:\/\/de.areas.com\/de\/wp-json\/wp\/v2\/users\/29"}],"replies":[{"embeddable":true,"href":"https:\/\/de.areas.com\/de\/wp-json\/wp\/v2\/comments?post=1300"}],"version-history":[{"count":1,"href":"https:\/\/de.areas.com\/de\/wp-json\/wp\/v2\/pages\/1300\/revisions"}],"predecessor-version":[{"id":1301,"href":"https:\/\/de.areas.com\/de\/wp-json\/wp\/v2\/pages\/1300\/revisions\/1301"}],"wp:attachment":[{"href":"https:\/\/de.areas.com\/de\/wp-json\/wp\/v2\/media?parent=1300"}],"curies":[{"name":"wp","href":"https:\/\/api.w.org\/{rel}","templated":true}]}}